{"id":3186,"date":"2013-01-07T10:18:29","date_gmt":"2013-01-07T10:18:29","guid":{"rendered":"http:\/\/inovado2.mintithemes.com\/?page_id=40"},"modified":"2013-01-07T10:18:29","modified_gmt":"2013-01-07T10:18:29","slug":"portfolio-4-columns","status":"publish","type":"page","link":"https:\/\/house.pt\/pt\/portfolio\/portfolio-4-columns\/","title":{"rendered":"Portfolio: 4 Columns"},"content":{"rendered":"<p>[vc_row type=&#8221;standard_section&#8221; bg_position=&#8221;left top&#8221; bg_repeat=&#8221;stretch&#8221; text_color=&#8221;dark&#8221; text_align=&#8221;left&#8221; top_padding=&#8221;60&#8243;][vc_column][vc_column_text]<\/p>\n<h3>This is an example of a sortable, 4 Column Portfolio.<\/h3>\n<p>For each Portfolio Page you create (any number possible) you can set column count, pagination and item count, as well if its sortable or not. You can add Portfolio Grids to every Page you want or need, with the help of the fantastic and easy to use template builder that is built right into the theme.[\/vc_column_text][\/vc_column][\/vc_row][vc_row type=&#8221;full_width_section&#8221; bg_position=&#8221;left top&#8221; bg_repeat=&#8221;stretch&#8221; text_color=&#8221;dark&#8221; text_align=&#8221;left&#8221; bottom_padding=&#8221;40&#8243;][vc_column width=&#8221;1\/1&#8243;]\n\t<div class=\"portfolio-element\">\n\n\t\n\t\t<div class=\"portfolio-filters\" data-id=\"268551242\">\n\t\t\t<div class=\"container\">\n\t\t\t\t<div class=\"sixteen columns clearfix\">\n\t\t\t\t\t\t\t\t\t\t\t<ul class=\"clearfix\">\n\t\t\t\t\t\t\t<li><a href=\"#\" data-filter=\"*\" class=\"filter-all active\">All<\/a><\/li>\t\n\t\t\t\t\t\t\t\t\t\t\t\t\t\t\t\t\t\t\t\t\t\t\t<li><a href=\"#\" data-filter=\".term-animation\">Animation<\/a><\/li>\n\t\t\t\t\t\t\t\t\t\t\t\t\t\t\t\t\t\t\t\t\t\t\t<li><a href=\"#\" data-filter=\".term-architecture\">Architecture<\/a><\/li>\n\t\t\t\t\t\t\t\t\t\t\t\t\t<\/ul>\n\t\t\t\t\t\t\t\t\t<\/div>\n\t\t\t<\/div>\n\t\t<\/div>\n\n\t\n\t\t\t<div class=\"container\">\n        <div class=\"hor_main\">\n\t\n\t\t\t\t<div id=\"268551242\" class=\"portfolio-items portfolio-default portfolio-overlay-icon clearfix\" data-id=\"268551242\">  \n\t\t\t\t\t\n\t\t\t\t\t\t\n\t\t\t\t\t\t\n\t\t\t\t\t\n\t\t\t\t\t\t\t\t\t\t\t\t\t\t\n\t\t\t\t\t\t\t   \n\n\t\t\t\t\t\t\t<div class=\"term-architecture portfolio-item four columns\">\n\t\t\t\t\t\t\t\t<div class=\"portfolio-image\"><a href=\"https:\/\/house.pt\/pt\/portfolio-item\/trinas-2-3\/\" title=\"TRINAS\"><div class=\"portfolio-image-img\"><img decoding=\"async\" src=\"https:\/\/house.pt\/wp-content\/uploads\/2014\/12\/capa-600x400.jpg\" alt=\"TRINAS\" \/><\/div><div class=\"portfolio-overlay overlay-icon\"><\/div><i class=\"icon-minti-plus\"><\/i><\/a><\/div>\n                               \n\t\t\t\t\t\t\t\t<h4><a href=\"https:\/\/house.pt\/pt\/portfolio-item\/trinas-2-3\/\" title=\"TRINAS\">TRINAS<\/a><\/h4>\n\t\t\t\t\t\t\t\t<span class=\"portfolio-subtitle\">OBRA: CASA TRINAS<\/span>\n\t\t\t\t\t\t\t<\/div>\n\n\t\t\t\t\t\t\t\t\t\t  \n\t\t\t\t\t\n\t\t\t\t\t\t\n\t\t\t\t\t\t\n\t\t\t\t\t\n\t\t\t\t\t\t\t\t\t\t\t\t\t\t\n\t\t\t\t\t\t\t   \n\n\t\t\t\t\t\t\t<div class=\"term-architecture portfolio-item four columns\">\n\t\t\t\t\t\t\t\t<div class=\"portfolio-image\"><a href=\"https:\/\/house.pt\/pt\/portfolio-item\/iwatch-2\/\" title=\"MdS\"><div class=\"portfolio-image-img\"><img decoding=\"async\" src=\"https:\/\/house.pt\/wp-content\/uploads\/2014\/12\/fotomontagem-03-1-600x400.jpg\" alt=\"MdS\" \/><\/div><div class=\"portfolio-overlay overlay-icon\"><\/div><i class=\"icon-minti-plus\"><\/i><\/a><\/div>\n                               \n\t\t\t\t\t\t\t\t<h4><a href=\"https:\/\/house.pt\/pt\/portfolio-item\/iwatch-2\/\" title=\"MdS\">MdS<\/a><\/h4>\n\t\t\t\t\t\t\t\t<span class=\"portfolio-subtitle\"><\/span>\n\t\t\t\t\t\t\t<\/div>\n\n\t\t\t\t\t\t\t\t\t\t  \n\t\t\t\t\t\n\t\t\t\t\t\t\n\t\t\t\t\t\t\n\t\t\t\t\t\n\t\t\t\t\t\t\t\t\t\t\t\t\t\t\n\t\t\t\t\t\t\t   \n\n\t\t\t\t\t\t\t<div class=\"portfolio-item four columns\">\n\t\t\t\t\t\t\t\t<div class=\"portfolio-image\"><a href=\"https:\/\/house.pt\/pt\/portfolio-item\/olival\/\" title=\"OLIVAL\"><div class=\"portfolio-image-img\"><img decoding=\"async\" src=\"https:\/\/house.pt\/wp-content\/uploads\/2018\/05\/08-600x400.jpg\" alt=\"OLIVAL\" \/><\/div><div class=\"portfolio-overlay overlay-icon\"><\/div><i class=\"icon-minti-plus\"><\/i><\/a><\/div>\n                               \n\t\t\t\t\t\t\t\t<h4><a href=\"https:\/\/house.pt\/pt\/portfolio-item\/olival\/\" title=\"OLIVAL\">OLIVAL<\/a><\/h4>\n\t\t\t\t\t\t\t\t<span class=\"portfolio-subtitle\">RUA DO OLIVAL - LISBOA<\/span>\n\t\t\t\t\t\t\t<\/div>\n\n\t\t\t\t\t\t\t\t\t\t  \n\t\t\t\t\t\n\t\t\t\t\t\t\n\t\t\t\t\t\t\n\t\t\t\t\t\n\t\t\t\t\t\t\t\t\t\t\t\t\t\t\n\t\t\t\t\t\t\t   \n\n\t\t\t\t\t\t\t<div class=\"term-animation portfolio-item four columns\">\n\t\t\t\t\t\t\t\t<div class=\"portfolio-image\"><a href=\"https:\/\/house.pt\/pt\/portfolio-item\/sao-felix\/\" title=\"CASA S\u00c3O F\u00c9LIX\"><div class=\"portfolio-image-img\"><img decoding=\"async\" src=\"https:\/\/house.pt\/wp-content\/uploads\/2018\/01\/destaque-1000x800-600x400.jpg\" alt=\"CASA S\u00c3O F\u00c9LIX\" \/><\/div><div class=\"portfolio-overlay overlay-icon\"><\/div><i class=\"icon-minti-plus\"><\/i><\/a><\/div>\n                               \n\t\t\t\t\t\t\t\t<h4><a href=\"https:\/\/house.pt\/pt\/portfolio-item\/sao-felix\/\" title=\"CASA S\u00c3O F\u00c9LIX\">CASA S\u00c3O F\u00c9LIX<\/a><\/h4>\n\t\t\t\t\t\t\t\t<span class=\"portfolio-subtitle\">OBRA: CASA S\u00c3O F\u00c9LIX<\/span>\n\t\t\t\t\t\t\t<\/div>\n\n\t\t\t\t\t\t\t\t\t\t  \n\t\t\t\t\t\n\t\t\t\t\t\t\n\t\t\t\t\t\t\n\t\t\t\t\t\n\t\t\t\t\t\t\t\t\t\t\t\t\t\t\n\t\t\t\t\t\t\t   \n\n\t\t\t\t\t\t\t<div class=\"term-architecture portfolio-item four columns\">\n\t\t\t\t\t\t\t\t<div class=\"portfolio-image\"><a href=\"https:\/\/house.pt\/pt\/portfolio-item\/casapateo-2-2\/\" title=\"CASA P\u00c1TIO\"><div class=\"portfolio-image-img\"><img decoding=\"async\" src=\"https:\/\/house.pt\/wp-content\/uploads\/2010\/12\/destaque-1-2-1-600x400.jpg\" alt=\"CASA P\u00c1TIO\" \/><\/div><div class=\"portfolio-overlay overlay-icon\"><\/div><i class=\"icon-minti-plus\"><\/i><\/a><\/div>\n                               \n\t\t\t\t\t\t\t\t<h4><a href=\"https:\/\/house.pt\/pt\/portfolio-item\/casapateo-2-2\/\" title=\"CASA P\u00c1TIO\">CASA P\u00c1TIO<\/a><\/h4>\n\t\t\t\t\t\t\t\t<span class=\"portfolio-subtitle\">URBANIZA\u00c7\u00c3O HERDADE AROEIRA - ALMADA<\/span>\n\t\t\t\t\t\t\t<\/div>\n\n\t\t\t\t\t\t\t\t\t\t  \n\t\t\t\t\t\n\t\t\t\t\t\t\n\t\t\t\t\t\t\n\t\t\t\t\t\n\t\t\t\t\t\t\t\t\t\t\t\t\t\t\n\t\t\t\t\t\t\t   \n\n\t\t\t\t\t\t\t<div class=\"term-animation portfolio-item four columns\">\n\t\t\t\t\t\t\t\t<div class=\"portfolio-image\"><a href=\"https:\/\/house.pt\/pt\/portfolio-item\/casapateo-2-2-2\/\" title=\"APARTAMENTOS INGLESINHAS\"><div class=\"portfolio-image-img\"><img decoding=\"async\" src=\"https:\/\/house.pt\/wp-content\/uploads\/2016\/12\/18_ing-600x400.jpg\" alt=\"APARTAMENTOS INGLESINHAS\" \/><\/div><div class=\"portfolio-overlay overlay-icon\"><\/div><i class=\"icon-minti-plus\"><\/i><\/a><\/div>\n                               \n\t\t\t\t\t\t\t\t<h4><a href=\"https:\/\/house.pt\/pt\/portfolio-item\/casapateo-2-2-2\/\" title=\"APARTAMENTOS INGLESINHAS\">APARTAMENTOS INGLESINHAS<\/a><\/h4>\n\t\t\t\t\t\t\t\t<span class=\"portfolio-subtitle\">HABITA\u00c7\u00c3O E ESPA\u00c7O COMERCIAL \u2013 INGLESINHAS<\/span>\n\t\t\t\t\t\t\t<\/div>\n\n\t\t\t\t\t\t\t\t\t\t  \n\t\t\t\t\t\n\t\t\t\t\t\t\n\t\t\t\t\t\t\n\t\t\t\t\t\n\t\t\t\t\t\t\t\t\t\t\t\t\t\t\n\t\t\t\t\t\t\t   \n\n\t\t\t\t\t\t\t<div class=\"term-animation portfolio-item four columns\">\n\t\t\t\t\t\t\t\t<div class=\"portfolio-image\"><a href=\"https:\/\/house.pt\/pt\/portfolio-item\/casapateo\/\" title=\"CASA AROEIRA\"><div class=\"portfolio-image-img\"><img decoding=\"async\" src=\"https:\/\/house.pt\/wp-content\/uploads\/2012\/12\/Aroeira-600x400.jpg\" alt=\"CASA AROEIRA\" \/><\/div><div class=\"portfolio-overlay overlay-icon\"><\/div><i class=\"icon-minti-plus\"><\/i><\/a><\/div>\n                               \n\t\t\t\t\t\t\t\t<h4><a href=\"https:\/\/house.pt\/pt\/portfolio-item\/casapateo\/\" title=\"CASA AROEIRA\">CASA AROEIRA<\/a><\/h4>\n\t\t\t\t\t\t\t\t<span class=\"portfolio-subtitle\">URBANIZA\u00c7\u00c3O HERDADE AROEIRA - ALMADA<\/span>\n\t\t\t\t\t\t\t<\/div>\n\n\t\t\t\t\t\t\t\t\t\t  \n\t\t\t\t\t\n\t\t\t\t\t\t\n\t\t\t\t\t\t\n\t\t\t\t\t\n\t\t\t\t\t\t\t\t\t\t\t\t\t\t\n\t\t\t\t\t\t\t   \n\n\t\t\t\t\t\t\t<div class=\"term-animation portfolio-item four columns\">\n\t\t\t\t\t\t\t\t<div class=\"portfolio-image\"><a href=\"https:\/\/house.pt\/pt\/portfolio-item\/machadinho-8-2\/\" title=\"CASA DA PISCINA SANTO ESTEV\u00c3O\"><div class=\"portfolio-image-img\"><img decoding=\"async\" src=\"https:\/\/house.pt\/wp-content\/uploads\/2017\/06\/destaque-4-600x400.jpg\" alt=\"CASA DA PISCINA SANTO ESTEV\u00c3O\" \/><\/div><div class=\"portfolio-overlay overlay-icon\"><\/div><i class=\"icon-minti-plus\"><\/i><\/a><\/div>\n                               \n\t\t\t\t\t\t\t\t<h4><a href=\"https:\/\/house.pt\/pt\/portfolio-item\/machadinho-8-2\/\" title=\"CASA DA PISCINA SANTO ESTEV\u00c3O\">CASA DA PISCINA SANTO ESTEV\u00c3O<\/a><\/h4>\n\t\t\t\t\t\t\t\t<span class=\"portfolio-subtitle\">OBRA: CASA DA PISCINA<\/span>\n\t\t\t\t\t\t\t<\/div>\n\n\t\t\t\t\t\t\t\t\t\t  \n\t\t\t\t\t\n\t\t\t\t\t\t\n\t\t\t\t\t\t\n\t\t\t\t\t\n\t\t\t\t\t\t\t\t\t\t\t\t\t\t\n\t\t\t\t\t\t\t   \n\n\t\t\t\t\t\t\t<div class=\"term-animation portfolio-item four columns\">\n\t\t\t\t\t\t\t\t<div class=\"portfolio-image\"><a href=\"https:\/\/house.pt\/pt\/portfolio-item\/servejaria\/\" title=\"SERVEJARIA &#038; MACDONALD&#8217;S\"><div class=\"portfolio-image-img\"><img decoding=\"async\" src=\"https:\/\/house.pt\/wp-content\/uploads\/2012\/12\/servejaria_7-600x400.jpg\" alt=\"SERVEJARIA &#038; MACDONALD&#8217;S\" \/><\/div><div class=\"portfolio-overlay overlay-icon\"><\/div><i class=\"icon-minti-plus\"><\/i><\/a><\/div>\n                               \n\t\t\t\t\t\t\t\t<h4><a href=\"https:\/\/house.pt\/pt\/portfolio-item\/servejaria\/\" title=\"SERVEJARIA &#038; MACDONALD&#8217;S\">SERVEJARIA &#038; MACDONALD&#8217;S<\/a><\/h4>\n\t\t\t\t\t\t\t\t<span class=\"portfolio-subtitle\">OBRA: Servejaria &amp; Macdonald&#039;s<\/span>\n\t\t\t\t\t\t\t<\/div>\n\n\t\t\t\t\t\t\t\t\t\t  \n\t\t\t\t\t\n\t\t\t\t\t\t\n\t\t\t\t\t\t\n\t\t\t\t\t\n\t\t\t\t\t\t\t\t\t\t\t\t\t\t\n\t\t\t\t\t\t\t   \n\n\t\t\t\t\t\t\t<div class=\"term-architecture portfolio-item four columns\">\n\t\t\t\t\t\t\t\t<div class=\"portfolio-image\"><a href=\"https:\/\/house.pt\/pt\/portfolio-item\/casapateo-2\/\" title=\"CASA P\u00c1TIO\"><div class=\"portfolio-image-img\"><img decoding=\"async\" src=\"https:\/\/house.pt\/wp-content\/uploads\/2018\/05\/10_ESP-600x400.jpg\" alt=\"CASA P\u00c1TIO\" \/><\/div><div class=\"portfolio-overlay overlay-icon\"><\/div><i class=\"icon-minti-plus\"><\/i><\/a><\/div>\n                               \n\t\t\t\t\t\t\t\t<h4><a href=\"https:\/\/house.pt\/pt\/portfolio-item\/casapateo-2\/\" title=\"CASA P\u00c1TIO\">CASA P\u00c1TIO<\/a><\/h4>\n\t\t\t\t\t\t\t\t<span class=\"portfolio-subtitle\">URBANIZA\u00c7\u00c3O HERDADE AROEIRA - ALMADA<\/span>\n\t\t\t\t\t\t\t<\/div>\n\n\t\t\t\t\t\t\t\t\t\t  \n\t\t\t\t\t\n\t\t\t\t\t\t\n\t\t\t\t\t\t\n\t\t\t\t\t\n\t\t\t\t\t\t\t\t\t\t\t\t\t\t\n\t\t\t\t\t\t\t   \n\n\t\t\t\t\t\t\t<div class=\"term-animation portfolio-item four columns\">\n\t\t\t\t\t\t\t\t<div class=\"portfolio-image\"><a href=\"https:\/\/house.pt\/pt\/portfolio-item\/casapateo-2-2-5\/\" title=\"APARTAMENTO M\u00c1RTIRES\"><div class=\"portfolio-image-img\"><img decoding=\"async\" src=\"https:\/\/house.pt\/wp-content\/uploads\/2010\/12\/destaque-4-3-600x400.jpg\" alt=\"APARTAMENTO M\u00c1RTIRES\" \/><\/div><div class=\"portfolio-overlay overlay-icon\"><\/div><i class=\"icon-minti-plus\"><\/i><\/a><\/div>\n                               \n\t\t\t\t\t\t\t\t<h4><a href=\"https:\/\/house.pt\/pt\/portfolio-item\/casapateo-2-2-5\/\" title=\"APARTAMENTO M\u00c1RTIRES\">APARTAMENTO M\u00c1RTIRES<\/a><\/h4>\n\t\t\t\t\t\t\t\t<span class=\"portfolio-subtitle\"><\/span>\n\t\t\t\t\t\t\t<\/div>\n\n\t\t\t\t\t\t\t\t\t\t  \n\t\t\t\t\t\n\t\t\t\t\t\t\n\t\t\t\t\t\t\n\t\t\t\t\t\n\t\t\t\t\t\t\t\t\t\t\t\t\t\t\n\t\t\t\t\t\t\t   \n\n\t\t\t\t\t\t\t<div class=\"term-animation portfolio-item four columns\">\n\t\t\t\t\t\t\t\t<div class=\"portfolio-image\"><a href=\"https:\/\/house.pt\/pt\/portfolio-item\/alto-do-longo\/\" title=\"CASA ALTO DO LONGO\"><div class=\"portfolio-image-img\"><img decoding=\"async\" src=\"https:\/\/house.pt\/wp-content\/uploads\/2012\/12\/destaque-2-600x400.jpg\" alt=\"CASA ALTO DO LONGO\" \/><\/div><div class=\"portfolio-overlay overlay-icon\"><\/div><i class=\"icon-minti-plus\"><\/i><\/a><\/div>\n                               \n\t\t\t\t\t\t\t\t<h4><a href=\"https:\/\/house.pt\/pt\/portfolio-item\/alto-do-longo\/\" title=\"CASA ALTO DO LONGO\">CASA ALTO DO LONGO<\/a><\/h4>\n\t\t\t\t\t\t\t\t<span class=\"portfolio-subtitle\">HABITA\u00c7\u00c3O ALTO DO LONGO<\/span>\n\t\t\t\t\t\t\t<\/div>\n\n\t\t\t\t\t\t\t\t\t\t  \n\t\t\t\t\t\n\t\t\t\t\t\t\n\t\t\t\t\t\t\n\t\t\t\t\t\n\t\t\t\t\t\t\t\t\t\t\t\t\t\t\n\t\t\t\t\t\t\t   \n\n\t\t\t\t\t\t\t<div class=\"term-animation portfolio-item four columns\">\n\t\t\t\t\t\t\t\t<div class=\"portfolio-image\"><a href=\"https:\/\/house.pt\/pt\/portfolio-item\/trinas-3\/\" title=\"CASA AUGUSTA\"><div class=\"portfolio-image-img\"><img decoding=\"async\" src=\"https:\/\/house.pt\/wp-content\/uploads\/2016\/12\/destaque-2-1-600x400.jpg\" alt=\"CASA AUGUSTA\" \/><\/div><div class=\"portfolio-overlay overlay-icon\"><\/div><i class=\"icon-minti-plus\"><\/i><\/a><\/div>\n                               \n\t\t\t\t\t\t\t\t<h4><a href=\"https:\/\/house.pt\/pt\/portfolio-item\/trinas-3\/\" title=\"CASA AUGUSTA\">CASA AUGUSTA<\/a><\/h4>\n\t\t\t\t\t\t\t\t<span class=\"portfolio-subtitle\">OBRA: CASA AUGUSTA<\/span>\n\t\t\t\t\t\t\t<\/div>\n\n\t\t\t\t\t\t\t\t\t\t  \n\t\t\t\t\t\n\t\t\t\t\t\t\n\t\t\t\t\t\t\n\t\t\t\t\t\n\t\t\t\t\t\t\t\t\t\t\t\t\t\t\n\t\t\t\t\t\t\t   \n\n\t\t\t\t\t\t\t<div class=\"term-animation portfolio-item four columns\">\n\t\t\t\t\t\t\t\t<div class=\"portfolio-image\"><a href=\"https:\/\/house.pt\/pt\/portfolio-item\/sao-felix-2\/\" title=\"CASA S\u00c3O CIRO\"><div class=\"portfolio-image-img\"><img decoding=\"async\" src=\"https:\/\/house.pt\/wp-content\/uploads\/2017\/11\/04_CIR-600x400.jpg\" alt=\"CASA S\u00c3O CIRO\" \/><\/div><div class=\"portfolio-overlay overlay-icon\"><\/div><i class=\"icon-minti-plus\"><\/i><\/a><\/div>\n                               \n\t\t\t\t\t\t\t\t<h4><a href=\"https:\/\/house.pt\/pt\/portfolio-item\/sao-felix-2\/\" title=\"CASA S\u00c3O CIRO\">CASA S\u00c3O CIRO<\/a><\/h4>\n\t\t\t\t\t\t\t\t<span class=\"portfolio-subtitle\">OBRA: CASA S\u00c3O CIRO<\/span>\n\t\t\t\t\t\t\t<\/div>\n\n\t\t\t\t\t\t\t\t\t\t  \n\t\t\t\t\t\n\t\t\t\t\t\t\n\t\t\t\t\t\t\n\t\t\t\t\t\n\t\t\t\t\t\t\t\t\t\t\t\t\t\t\n\t\t\t\t\t\t\t   \n\n\t\t\t\t\t\t\t<div class=\"term-animation portfolio-item four columns\">\n\t\t\t\t\t\t\t\t<div class=\"portfolio-image\"><a href=\"https:\/\/house.pt\/pt\/portfolio-item\/machadinho\/\" title=\"CASA MACHADINHO\"><div class=\"portfolio-image-img\"><img decoding=\"async\" src=\"https:\/\/house.pt\/wp-content\/uploads\/2017\/06\/destaque-1-600x400.jpg\" alt=\"CASA MACHADINHO\" \/><\/div><div class=\"portfolio-overlay overlay-icon\"><\/div><i class=\"icon-minti-plus\"><\/i><\/a><\/div>\n                               \n\t\t\t\t\t\t\t\t<h4><a href=\"https:\/\/house.pt\/pt\/portfolio-item\/machadinho\/\" title=\"CASA MACHADINHO\">CASA MACHADINHO<\/a><\/h4>\n\t\t\t\t\t\t\t\t<span class=\"portfolio-subtitle\">OBRA: CASA MACHADINHO<\/span>\n\t\t\t\t\t\t\t<\/div>\n\n\t\t\t\t\t\t\t\t\t\t  \n\t\t\t\t\t\n\t\t\t\t\t\t\n\t\t\t\t\t\t\n\t\t\t\t\t\n\t\t\t\t\t\t\t\t\t\t\t\t\t\t\n\t\t\t\t\t\t\t   \n\n\t\t\t\t\t\t\t<div class=\"term-animation portfolio-item four columns\">\n\t\t\t\t\t\t\t\t<div class=\"portfolio-image\"><a href=\"https:\/\/house.pt\/pt\/portfolio-item\/machadinho-8\/\" title=\"CASA CABRAL\"><div class=\"portfolio-image-img\"><img decoding=\"async\" src=\"https:\/\/house.pt\/wp-content\/uploads\/2017\/06\/destaque-3-600x400.jpg\" alt=\"CASA CABRAL\" \/><\/div><div class=\"portfolio-overlay overlay-icon\"><\/div><i class=\"icon-minti-plus\"><\/i><\/a><\/div>\n                               \n\t\t\t\t\t\t\t\t<h4><a href=\"https:\/\/house.pt\/pt\/portfolio-item\/machadinho-8\/\" title=\"CASA CABRAL\">CASA CABRAL<\/a><\/h4>\n\t\t\t\t\t\t\t\t<span class=\"portfolio-subtitle\">OBRA: CASA CABRAL<\/span>\n\t\t\t\t\t\t\t<\/div>\n\n\t\t\t\t\t\t\t\t\t\t  \n\t\t\t\t\t\n\t\t\t\t\t\t\n\t\t\t\t\t\t\n\t\t\t\t\t\n\t\t\t\t\t\t\t\t\t\t\t\t\t\t\n\t\t\t\t\t\t\t   \n\n\t\t\t\t\t\t\t<div class=\"term-animation portfolio-item four columns\">\n\t\t\t\t\t\t\t\t<div class=\"portfolio-image\"><a href=\"https:\/\/house.pt\/pt\/portfolio-item\/machadinho-2\/\" title=\"APARTAMENTO RESTELO\"><div class=\"portfolio-image-img\"><img decoding=\"async\" src=\"https:\/\/house.pt\/wp-content\/uploads\/2012\/06\/destaque-600x400.jpg\" alt=\"APARTAMENTO RESTELO\" \/><\/div><div class=\"portfolio-overlay overlay-icon\"><\/div><i class=\"icon-minti-plus\"><\/i><\/a><\/div>\n                               \n\t\t\t\t\t\t\t\t<h4><a href=\"https:\/\/house.pt\/pt\/portfolio-item\/machadinho-2\/\" title=\"APARTAMENTO RESTELO\">APARTAMENTO RESTELO<\/a><\/h4>\n\t\t\t\t\t\t\t\t<span class=\"portfolio-subtitle\">OBRA: REMODELA\u00c7\u00c3O APARTAMENTO<\/span>\n\t\t\t\t\t\t\t<\/div>\n\n\t\t\t\t\t\t\t\t\t\t  \n\t\t\t\t\t\n\t\t\t\t\t\t\n\t\t\t\t\t\t\n\t\t\t\t\t\n\t\t\t\t\t\t\t\t\t\t\t\t\t\t\n\t\t\t\t\t\t\t   \n\n\t\t\t\t\t\t\t<div class=\"term-animation portfolio-item four columns\">\n\t\t\t\t\t\t\t\t<div class=\"portfolio-image\"><a href=\"https:\/\/house.pt\/pt\/portfolio-item\/machadinho-3\/\" title=\"ESCOLA DE SURF \u2013 THE BASE\"><div class=\"portfolio-image-img\"><img decoding=\"async\" src=\"https:\/\/house.pt\/wp-content\/uploads\/2014\/06\/destaque-600x400.jpg\" alt=\"ESCOLA DE SURF \u2013 THE BASE\" \/><\/div><div class=\"portfolio-overlay overlay-icon\"><\/div><i class=\"icon-minti-plus\"><\/i><\/a><\/div>\n                               \n\t\t\t\t\t\t\t\t<h4><a href=\"https:\/\/house.pt\/pt\/portfolio-item\/machadinho-3\/\" title=\"ESCOLA DE SURF \u2013 THE BASE\">ESCOLA DE SURF \u2013 THE BASE<\/a><\/h4>\n\t\t\t\t\t\t\t\t<span class=\"portfolio-subtitle\">LOCAL : Doca de Santo Amaro - Lisboa<\/span>\n\t\t\t\t\t\t\t<\/div>\n\n\t\t\t\t\t\t\t\t\t\t  \n\t\t\t\t\t\n\t\t\t\t\t\t\n\t\t\t\t\t\t\n\t\t\t\t\t\n\t\t\t\t\t\t\t\t\t\t\t\t\t\t\n\t\t\t\t\t\t\t   \n\n\t\t\t\t\t\t\t<div class=\"term-animation portfolio-item four columns\">\n\t\t\t\t\t\t\t\t<div class=\"portfolio-image\"><a href=\"https:\/\/house.pt\/pt\/portfolio-item\/cervejaria-do-bairro\/\" title=\"CERVEJARIA DO BAIRRO\"><div class=\"portfolio-image-img\"><img decoding=\"async\" src=\"https:\/\/house.pt\/wp-content\/uploads\/2015\/06\/destaque-600x400.jpg\" alt=\"CERVEJARIA DO BAIRRO\" \/><\/div><div class=\"portfolio-overlay overlay-icon\"><\/div><i class=\"icon-minti-plus\"><\/i><\/a><\/div>\n                               \n\t\t\t\t\t\t\t\t<h4><a href=\"https:\/\/house.pt\/pt\/portfolio-item\/cervejaria-do-bairro\/\" title=\"CERVEJARIA DO BAIRRO\">CERVEJARIA DO BAIRRO<\/a><\/h4>\n\t\t\t\t\t\t\t\t<span class=\"portfolio-subtitle\">OBRA: Cervejaria do Bairro<\/span>\n\t\t\t\t\t\t\t<\/div>\n\n\t\t\t\t\t\t\t\t\t\t  \n\t\t\t\t\t\n\t\t\t\t\t\t\n\t\t\t\t\t\t\n\t\t\t\t\t\n\t\t\t\t\t\t\t\t\t\t\t\t\t\t\n\t\t\t\t\t\t\t   \n\n\t\t\t\t\t\t\t<div class=\"term-animation portfolio-item four columns\">\n\t\t\t\t\t\t\t\t<div class=\"portfolio-image\"><a href=\"https:\/\/house.pt\/pt\/portfolio-item\/escola-arco\/\" title=\"ESCOLA AR.CO.\"><div class=\"portfolio-image-img\"><img decoding=\"async\" src=\"https:\/\/house.pt\/wp-content\/uploads\/2010\/06\/destaque-600x400.jpg\" alt=\"ESCOLA AR.CO.\" \/><\/div><div class=\"portfolio-overlay overlay-icon\"><\/div><i class=\"icon-minti-plus\"><\/i><\/a><\/div>\n                               \n\t\t\t\t\t\t\t\t<h4><a href=\"https:\/\/house.pt\/pt\/portfolio-item\/escola-arco\/\" title=\"ESCOLA AR.CO.\">ESCOLA AR.CO.<\/a><\/h4>\n\t\t\t\t\t\t\t\t<span class=\"portfolio-subtitle\">OBRA: Remodela\u00e7\u00e3o escola Arco \u2013 Centro de Arte &amp; Comunica\u00e7\u00e3o Visual<\/span>\n\t\t\t\t\t\t\t<\/div>\n\n\t\t\t\t\t\t\t\t\t\t  \n\t\t\t\t\t\n\t\t\t\t\t\t\n\t\t\t\t\t\t\n\t\t\t\t\t\n\t\t\t\t\t\t\t\t\t\t\t\t\t\t\n\t\t\t\t\t\t\t   \n\n\t\t\t\t\t\t\t<div class=\"term-animation portfolio-item four columns\">\n\t\t\t\t\t\t\t\t<div class=\"portfolio-image\"><a href=\"https:\/\/house.pt\/pt\/portfolio-item\/machadinho-4\/\" title=\"PAUL &#8211; BAIXA CHIADO\"><div class=\"portfolio-image-img\"><img decoding=\"async\" src=\"https:\/\/house.pt\/wp-content\/uploads\/2016\/06\/08-1-600x400.jpg\" alt=\"PAUL &#8211; BAIXA CHIADO\" \/><\/div><div class=\"portfolio-overlay overlay-icon\"><\/div><i class=\"icon-minti-plus\"><\/i><\/a><\/div>\n                               \n\t\t\t\t\t\t\t\t<h4><a href=\"https:\/\/house.pt\/pt\/portfolio-item\/machadinho-4\/\" title=\"PAUL &#8211; BAIXA CHIADO\">PAUL &#8211; BAIXA CHIADO<\/a><\/h4>\n\t\t\t\t\t\t\t\t<span class=\"portfolio-subtitle\">LOCAL: Baixa Chiado \u2013 Lisboa<\/span>\n\t\t\t\t\t\t\t<\/div>\n\n\t\t\t\t\t\t\t\t\t\t  \n\t\t\t\t\t\n\t\t\t\t\t\t\n\t\t\t\t\t\t\n\t\t\t\t\t\n\t\t\t\t\t\t\t\t\t\t\t\t\t\t\n\t\t\t\t\t\t\t   \n\n\t\t\t\t\t\t\t<div class=\"term-animation portfolio-item four columns\">\n\t\t\t\t\t\t\t\t<div class=\"portfolio-image\"><a href=\"https:\/\/house.pt\/pt\/portfolio-item\/slice-caffe\/\" title=\"SLICE CAFFE\"><div class=\"portfolio-image-img\"><img decoding=\"async\" src=\"https:\/\/house.pt\/wp-content\/uploads\/2017\/10\/destaque-1-600x400.jpg\" alt=\"SLICE CAFFE\" \/><\/div><div class=\"portfolio-overlay overlay-icon\"><\/div><i class=\"icon-minti-plus\"><\/i><\/a><\/div>\n                               \n\t\t\t\t\t\t\t\t<h4><a href=\"https:\/\/house.pt\/pt\/portfolio-item\/slice-caffe\/\" title=\"SLICE CAFFE\">SLICE CAFFE<\/a><\/h4>\n\t\t\t\t\t\t\t\t<span class=\"portfolio-subtitle\">OBRA: Espa\u00e7o de cafetaria e restaura\u00e7\u00e3o \u2013 Slice caffe<\/span>\n\t\t\t\t\t\t\t<\/div>\n\n\t\t\t\t\t\t\t\t\t\t  \n\t\t\t\t\t\n\t\t\t\t\t\t\n\t\t\t\t\t\t\n\t\t\t\t\t\n\t\t\t\t\t\t\t\t\t\t\t\t\t\t\n\t\t\t\t\t\t\t   \n\n\t\t\t\t\t\t\t<div class=\"term-animation portfolio-item four columns\">\n\t\t\t\t\t\t\t\t<div class=\"portfolio-image\"><a href=\"https:\/\/house.pt\/pt\/portfolio-item\/tasty-2-go\/\" title=\"TASTY 2 GO\"><div class=\"portfolio-image-img\"><img decoding=\"async\" src=\"https:\/\/house.pt\/wp-content\/uploads\/2018\/03\/02_TSY-600x400.jpg\" alt=\"TASTY 2 GO\" \/><\/div><div class=\"portfolio-overlay overlay-icon\"><\/div><i class=\"icon-minti-plus\"><\/i><\/a><\/div>\n                               \n\t\t\t\t\t\t\t\t<h4><a href=\"https:\/\/house.pt\/pt\/portfolio-item\/tasty-2-go\/\" title=\"TASTY 2 GO\">TASTY 2 GO<\/a><\/h4>\n\t\t\t\t\t\t\t\t<span class=\"portfolio-subtitle\">OBRA: Vending point \u2013 Tasty 2 Go<\/span>\n\t\t\t\t\t\t\t<\/div>\n\n\t\t\t\t\t\t\t\t\t\t  \n\t\t\t\t\t\n\t\t\t\t\t\t\n\t\t\t\t\t\t\n\t\t\t\t\t\n\t\t\t\t\t\t\t\t\t\t\t\t\t\t\n\t\t\t\t\t\t\t   \n\n\t\t\t\t\t\t\t<div class=\"term-animation portfolio-item four columns\">\n\t\t\t\t\t\t\t\t<div class=\"portfolio-image\"><a href=\"https:\/\/house.pt\/pt\/portfolio-item\/padariacafetaria-paul\/\" title=\"PAUL &#8211; AEROPORTO DE LISBOA\"><div class=\"portfolio-image-img\"><img decoding=\"async\" src=\"https:\/\/house.pt\/wp-content\/uploads\/2015\/10\/destaque-600x400.jpg\" alt=\"PAUL &#8211; AEROPORTO DE LISBOA\" \/><\/div><div class=\"portfolio-overlay overlay-icon\"><\/div><i class=\"icon-minti-plus\"><\/i><\/a><\/div>\n                               \n\t\t\t\t\t\t\t\t<h4><a href=\"https:\/\/house.pt\/pt\/portfolio-item\/padariacafetaria-paul\/\" title=\"PAUL &#8211; AEROPORTO DE LISBOA\">PAUL &#8211; AEROPORTO DE LISBOA<\/a><\/h4>\n\t\t\t\t\t\t\t\t<span class=\"portfolio-subtitle\">OBRA: Padaria\/Cafetaria \u2013 PAUL<\/span>\n\t\t\t\t\t\t\t<\/div>\n\n\t\t\t\t\t\t\t\t\t\t  \n\t\t\t\t\t\t\t\t\t<\/div>\n\n\t\t\t<\/div>\n        <\/div>\n\t\n\t<\/div>\n      \t <input type=\"hidden\" id=\"w3n_total_blog_posts\" name=\"w3n_total_blog_posts\" value=\"32\" >\n\t<input type=\"hidden\" id=\"w3n_total_blog_page\" name=\"w3n_total_page\" value=\"2\" >\n\t<input type=\"hidden\" id=\"w3n_current_blog_page\" name=\"w3n_current_blog_page\" value=\"1\" >  \n    \n\t\t\n\t[\/vc_column][\/vc_row]<\/p>\n","protected":false},"excerpt":{"rendered":"<p>[vc_row type=&#8221;standard_section&#8221; bg_position=&#8221;left top&#8221; bg_repeat=&#8221;stretch&#8221; text_color=&#8221;dark&#8221; text_align=&#8221;left&#8221; top_padding=&#8221;60&#8243;][vc_column][vc_column_text] This is an example of a sortable, 4 Column Portfolio. For each Portfolio Page you create (any number possible) you can set column count, pagination and item count, as well if its sortable or not. You can add Portfolio Grids to every Page you want or need, with the help of the fantastic and easy to use template builder that is built right into the theme.[\/vc_column_text][\/vc_column][\/vc_row][vc_row type=&#8221;full_width_section&#8221; bg_position=&#8221;left top&#8221; bg_repeat=&#8221;stretch&#8221; text_color=&#8221;dark&#8221; text_align=&#8221;left&#8221; bottom_padding=&#8221;40&#8243;][vc_column width=&#8221;1\/1&#8243;][\/vc_column][\/vc_row]<\/p>\n","protected":false},"author":4,"featured_media":0,"parent":3183,"menu_order":0,"comment_status":"closed","ping_status":"closed","template":"","meta":{"inline_featured_image":false,"footnotes":""},"_links":{"self":[{"href":"https:\/\/house.pt\/pt\/wp-json\/wp\/v2\/pages\/3186"}],"collection":[{"href":"https:\/\/house.pt\/pt\/wp-json\/wp\/v2\/pages"}],"about":[{"href":"https:\/\/house.pt\/pt\/wp-json\/wp\/v2\/types\/page"}],"author":[{"embeddable":true,"href":"https:\/\/house.pt\/pt\/wp-json\/wp\/v2\/users\/4"}],"replies":[{"embeddable":true,"href":"https:\/\/house.pt\/pt\/wp-json\/wp\/v2\/comments?post=3186"}],"version-history":[{"count":0,"href":"https:\/\/house.pt\/pt\/wp-json\/wp\/v2\/pages\/3186\/revisions"}],"up":[{"embeddable":true,"href":"https:\/\/house.pt\/pt\/wp-json\/wp\/v2\/pages\/3183"}],"wp:attachment":[{"href":"https:\/\/house.pt\/pt\/wp-json\/wp\/v2\/media?parent=3186"}],"curies":[{"name":"wp","href":"https:\/\/api.w.org\/{rel}","templated":true}]}}